{"id":455,"date":"2018-11-06T19:14:21","date_gmt":"2018-11-06T18:14:21","guid":{"rendered":"https:\/\/www.ttc.cz\/?page_id=455"},"modified":"2025-01-30T09:36:16","modified_gmt":"2025-01-30T08:36:16","slug":"compulsory-data","status":"publish","type":"page","link":"https:\/\/www.ttc.cz\/en\/compulsory-data\/","title":{"rendered":"Compulsory data"},"content":{"rendered":"<h2>TTC HOLDING, a.s.<\/h2>\n<p>Registered office: T\u0159ebohostick\u00e1 987\/5, 100&nbsp;00 Prague 10 \u2013 Stra\u0161nice<br \/>\nIdentification information: corporate ID 27887464, tax ID CZ27887464, registered by the Municipal Court in Prague, file no. B 11785<br \/>\nContacts: tel. +420&nbsp;234&nbsp;052&nbsp;400, +420&nbsp;234&nbsp;052&nbsp;210, website <a href=\"https:\/\/www.ttc.cz\/en\/\">www.ttc.cz\/en\/<\/a>, email <a href=\"mailto:holding@ttc.cz\">holding@ttc.cz<\/a><\/p>\n<h2>TTC TELEKOMUNIKACE, s.r.o.<\/h2>\n<p>Registered office: T\u0159ebohostick\u00e1 987\/5, 100&nbsp;00 Prague 10 \u2013 Stra\u0161nice<br \/>\nIdentification information: corporate ID 41194403, tax ID CZ41194403, registered by the Municipal Court in Prague, file no. C 4736<br \/>\nContacts: tel. +420&nbsp;234&nbsp;052&nbsp;311 (operator), +420&nbsp;234&nbsp;052&nbsp;355 (store), website <a href=\"https:\/\/www.ttc-marconi.com\">www.ttc-marconi.com<\/a>, email <a href=\"mailto:sales@ttc.cz\">sales@ttc.cz<\/a><\/p>\n<h2>TTC MARCONI, s.r.o.<\/h2>\n<p>Registered office: T\u0159ebohostick\u00e1 987\/5, 100&nbsp;00 Prague 10 \u2013 Stra\u0161nice<br \/>\nIdentification information: corporate ID 48591254, Tax ID CZ48591254, registered by the Municipal Court in Prague, file no. C 18472<br \/>\nContacts: tel. +420&nbsp;234&nbsp;052&nbsp;305, fax +420&nbsp;274&nbsp;814&nbsp;747, website <a href=\"https:\/\/www.ttc-marconi.com\">www.ttc-marconi.com<\/a>, email <a href=\"mailto:ttcm@marconi.ttc.cz\">ttcm@marconi.ttc.cz<\/a><\/p>\n<h2>TTC TELEPORT, s.r.o.<\/h2>\n<p>Registered office: Tiska\u0159sk\u00e1 257\/10, 108&nbsp;00 Prague 10 \u2013 Male\u0161ice<br \/>\nIdentification information: corporate ID 24271705, tax ID CZ24271705, registered by the Municipal Court in Prague, file no. C 199711<br \/>\nContacts: tel. +420&nbsp;724&nbsp;600&nbsp;645 (helpdesk), website <a href=\"https:\/\/www.ttc-teleport.com\">www.ttc-teleport.com<\/a>, email <a href=\"mailto:helpdesk@ttc.cz\">helpdesk@ttc.cz<\/a><\/p>\n<h2>TTC TELSYS, a.s.<\/h2>\n<p>Registered office: \u00davalsk\u00e1 1222\/32, 100&nbsp;00 Prague 10 \u2013 Stra\u0161nice<br \/>\nIdentification information: corporate ID 25641051, tax ID CZ25641051, registered by the Municipal Court in Prague, file no. B 5177<br \/>\nContacts: tel. +420&nbsp;234&nbsp;052&nbsp;255, fax +420&nbsp;234&nbsp;052&nbsp;233, website <a href=\"https:\/\/www.ttc-telsys.cz\">www.ttc-telsys.cz<\/a>, email <a href=\"mailto:telsys@ttc.cz\">telsys@ttc.cz<\/a><\/p>\n<h2>TTC Spr\u00e1va nemovitost\u00ed, a.s.<\/h2>\n<p>Registered office: Naskov\u00e9 1100\/3, 150&nbsp;00 Prague 5 \u2013 Ko\u0161\u00ed\u0159e<br \/>\nIdentification information: corporate ID 25620797, tax ID CZ25620797, registered by the Municipal Court in Prague, file no. B 5021<br \/>\nContacts: tel. +420&nbsp;234&nbsp;053&nbsp;111 (reception), website <a href=\"https:\/\/www.ttc-nemovitosti.cz\">www.ttc-nemovitosti.cz<\/a>, email <a href=\"mailto:info@ttc-nemovitosti.cz\">info@ttc-nemovitosti.cz<\/a><\/p>\n<h2>TTC TECHKOM CENTRUM, a.s.<\/h2>\n<p>Registered office: Tiska\u0159sk\u00e1 257\/10, 108&nbsp;28 Prague 10 \u2013 Male\u0161ice<br \/>\nIdentification information: corporate ID 60193638, tax ID CZ60193638, registered by the Municipal Court in Prague, file no. B 2359<br \/>\nContacts: tel. +420&nbsp;234&nbsp;054&nbsp;111 (reception), website <a href=\"https:\/\/www.ttc-nemovitosti.cz\">www.ttc-nemovitosti.cz<\/a><\/p>\n<h2>ARISTOTEL, a.s.<\/h2>\n<p>Registered office: Tiska\u0159sk\u00e1 257\/10, 100&nbsp;00 Prague 10 \u2013 Male\u0161ice<br \/>\nIdentification information: corporate ID 61858005, tax ID CZ61858005, registered by the Municipal Court in Prague, file no. B 2662<br \/>\nContacts: tel. +420&nbsp;234&nbsp;054&nbsp;120, +420&nbsp;222&nbsp;742&nbsp;350, website <a href=\"https:\/\/www.aristotel.cz\">www.aristotel.cz<\/a>, email <a href=\"mailto:info@aristotel.cz\">info@aristotel.cz<\/a><\/p>\n<h2>TELLUS spol. s&nbsp;r.o.<\/h2>\n<p>Registered office: Naskov\u00e9 1100\/3, 150&nbsp;00 Prague 5 \u2013 Ko\u0161\u00ed\u0159e<br \/>\nIdentification information: corporate ID 48041335, tax ID CZ48041335, registered by the Municipal Court in Prague, file no. C 15730<br \/>\nContacts: tel. +420&nbsp;234&nbsp;052&nbsp;210, website <a href=\"https:\/\/www.ttc-nemovitosti.cz\">www.ttc-nemovitosti.cz<\/a><\/p>\n<h2>TTC BASE, s.r.o.<\/h2>\n<p>Registered office: T\u0159ebohostick\u00e1 987\/5, 100&nbsp;00 Prague 10 \u2013 Stra\u0161nice<br \/>\nIdentification information: corporate ID 28965892, tax ID CZ28965892, registered by the Municipal Court in Prague, file no. C 156441<br \/>\nContacts: tel. +420&nbsp;234&nbsp;052&nbsp;210, website <a href=\"https:\/\/www.ttc-nemovitosti.cz\">www.ttc-nemovitosti.cz<\/a><\/p>\n<h2>ALETA spol. s.r.o.<\/h2>\n<p>Registered office: Naskov\u00e9 1100\/3, 150&nbsp;00 Prague 5 \u2013 Ko\u0161\u00ed\u0159e<br \/>\nIdentification information: corporate ID 62584065, tax ID CZ62584065, registered by the Municipal Court in Prague, file no. C 33631<br \/>\nContacts: tel. +420&nbsp;234&nbsp;052&nbsp;210, website <a href=\"https:\/\/www.ttc-nemovitosti.cz\">www.ttc-nemovitosti.cz<\/a><\/p>\n<h2>TTC RIVA, s.r.o.<\/h2>\n<p>Registered office: T\u0159ebohostick\u00e1 987\/5, 100&nbsp;00 Prague 10 \u2013 Stra\u0161nice<br \/>\nIdentification information: corporate ID 49679082, tax ID CZ49679082, registered by the Municipal Court in Prague, file no. C 21611<br \/>\nContacts: tel. +420&nbsp;234&nbsp;052&nbsp;210, website <a href=\"https:\/\/www.ttc-nemovitosti.cz\">www.ttc-nemovitosti.cz<\/a><\/p>\n<h2>TTC CREDIT, s.r.o.<\/h2>\n<p>Registered office: T\u0159ebohostick\u00e1 987\/5, 100&nbsp;00 Prague 10 \u2013 Stra\u0161nice<br \/>\nIdentification information: corporate ID 49356615, tax ID CZ49356615, registered by the Municipal Court in Prague, file no. C 19857<br \/>\nContacts: tel. +420&nbsp;234&nbsp;052&nbsp;210, website <a href=\"https:\/\/www.ttc-nemovitosti.cz\">www.ttc-nemovitosti.cz<\/a><\/p>\n<h2>DOLPHIN, s.r.o.<\/h2>\n<p>Registered office: \u00davalsk\u00e1 32, 100&nbsp;00 Prague 10 \u2013 Stra\u0161nice<br \/>\nIdentification information: corporate ID 45276251, tax ID CZ45276251, registered by the Municipal Court in Prague, file no. C 9559<br \/>\nContacts: tel. +420&nbsp;234&nbsp;052&nbsp;210, website <a href=\"https:\/\/www.ttc-nemovitosti.cz\">www.ttc-nemovitosti.cz<\/a><\/p>\n<h2>TTC ATRIUM, s.r.o.<\/h2>\n<p>Registered office: Komensk\u00e9ho 821, 541&nbsp;01 Trutnov<br \/>\nIdentification information: corporate ID 27436659, tax ID CZ27436659, registered by the County Court in Hradec Kr\u00e1lov\u00e9, file no. C vlo\u017eka \u010d. 22828<br \/>\nKontakty: tel. +420&nbsp;499&nbsp;907&nbsp;211, webov\u00e9 str\u00e1nky <a href=\"http:\/\/www.atriumuv.cz\">www.atriumuv.cz<\/a>, email <a href=\"mailto:ttc-atrium@ttc.cz\">ttc-atrium@ttc.cz<\/a><\/p>\n<h2>TTC DATAPARK, s.r.o.<\/h2>\n<p>Registered office: T\u0159ebohostick\u00e1 987\/5, 100&nbsp;00 Prague 10<br \/>\nIdentification information: corporate ID 49243381, tax ID CZ49243381, registered by the Municipal Court in Prague, file no. C 20456<br \/>\nKontakty: tel. +420&nbsp;234&nbsp;052&nbsp;210, webov\u00e9 str\u00e1nky <a href=\"http:\/\/www.realestate.cz\">www.realestate.cz<\/a>, email <a href=\"mailto:datapark@ttc.cz\">datapark@ttc.cz<\/a><\/p>\n<h2>TTC ALFA, s.r.o.<\/h2>\n<p>Registered office: Naskov\u00e9 1100\/3&nbsp;150&nbsp;00 Prague 5 &#8211; Ko\u0161\u00ed\u0159e<br \/>\nIdentification information: corporate ID 06389325, tax ID CZ06389325, registered by the Municipal Court in Prague, file no. C 281354<br \/>\nKontakty: tel. +420&nbsp;234&nbsp;052&nbsp;400, webov\u00e9 str\u00e1nky <a href=\"http:\/\/www.ttc.cz\">www.ttc.cz<\/a>, email <a href=\"mailto:holding@ttc.cz\">holding@ttc.cz<\/a><\/p>\n","protected":false},"excerpt":{"rendered":"<p>TTC HOLDING, a.s. Registered office: T\u0159ebohostick\u00e1 987\/5, 100&nbsp;00 Prague 10 \u2013 Stra\u0161nice Identification information: corporate ID 27887464, tax ID CZ27887464, registered by the Municipal Court in Prague, file no. B 11785 Contacts: tel. +420&nbsp;234&nbsp;052&nbsp;400, +420&nbsp;234&nbsp;052&nbsp;210, website <a href=\"https:\/\/www.ttc.cz\/en\/\">www.ttc.cz\/en\/<\/a>, email <a href=\"mailto:holding@ttc.cz\">holding@ttc.cz<\/a> TTC TELEKOMUNIKACE, s.r.o. Registered office: T\u0159ebohostick\u00e1 987\/5, 100&nbsp;00 Prague 10 \u2013 Stra\u0161nice Identification information: [&#8230;]<\/p>\n","protected":false},"author":2,"featured_media":0,"parent":0,"menu_order":0,"comment_status":"closed","ping_status":"closed","template":"","meta":{"_acf_changed":false,"_monsterinsights_skip_tracking":false,"_monsterinsights_sitenote_active":false,"_monsterinsights_sitenote_note":"","_monsterinsights_sitenote_category":0,"footnotes":""},"class_list":["post-455","page","type-page","status-publish","hentry"],"acf":[],"_links":{"self":[{"href":"https:\/\/www.ttc.cz\/en\/wp-json\/wp\/v2\/pages\/455","targetHints":{"allow":["GET"]}}],"collection":[{"href":"https:\/\/www.ttc.cz\/en\/wp-json\/wp\/v2\/pages"}],"about":[{"href":"https:\/\/www.ttc.cz\/en\/wp-json\/wp\/v2\/types\/page"}],"author":[{"embeddable":true,"href":"https:\/\/www.ttc.cz\/en\/wp-json\/wp\/v2\/users\/2"}],"replies":[{"embeddable":true,"href":"https:\/\/www.ttc.cz\/en\/wp-json\/wp\/v2\/comments?post=455"}],"version-history":[{"count":10,"href":"https:\/\/www.ttc.cz\/en\/wp-json\/wp\/v2\/pages\/455\/revisions"}],"predecessor-version":[{"id":4041,"href":"https:\/\/www.ttc.cz\/en\/wp-json\/wp\/v2\/pages\/455\/revisions\/4041"}],"wp:attachment":[{"href":"https:\/\/www.ttc.cz\/en\/wp-json\/wp\/v2\/media?parent=455"}],"curies":[{"name":"wp","href":"https:\/\/api.w.org\/{rel}","templated":true}]}}